{"id":1753,"date":"2023-06-26T14:27:10","date_gmt":"2023-06-26T12:27:10","guid":{"rendered":"https:\/\/drylast.com\/?page_id=1753"},"modified":"2025-05-21T14:58:22","modified_gmt":"2025-05-21T12:58:22","slug":"mentions-legales","status":"publish","type":"page","link":"https:\/\/drylast.com\/de\/mentions-legales\/","title":{"rendered":"Rechtliche Hinweise"},"content":{"rendered":"<div data-elementor-type=\"wp-page\" data-elementor-id=\"1753\" class=\"elementor elementor-1753\" data-elementor-settings=\"{&quot;ha_cmc_init_switcher&quot;:&quot;no&quot;}\" data-elementor-post-type=\"page\">\n\t\t\t\t<div class=\"elementor-element elementor-element-bfa51d4 e-con-full e-flex e-con e-parent\" data-id=\"bfa51d4\" data-element_type=\"container\" data-e-type=\"container\" data-settings=\"{&quot;background_background&quot;:&quot;classic&quot;,&quot;_ha_eqh_enable&quot;:false}\">\n\t\t<div class=\"elementor-element elementor-element-2fc81bac e-flex e-con-boxed e-con e-child\" data-id=\"2fc81bac\" data-element_type=\"container\" data-e-type=\"container\" data-settings=\"{&quot;_ha_eqh_enable&quot;:false}\">\n\t\t\t\t\t<div class=\"e-con-inner\">\n\t\t<div class=\"elementor-element elementor-element-1ba9a5dd e-flex e-con-boxed e-con e-child\" data-id=\"1ba9a5dd\" data-element_type=\"container\" data-e-type=\"container\" data-settings=\"{&quot;_ha_eqh_enable&quot;:false}\">\n\t\t\t\t\t<div class=\"e-con-inner\">\n\t\t\t\t<div class=\"elementor-element elementor-element-7880a949 elementor-widget__width-initial elementor-widget-mobile__width-inherit elementor-widget elementor-widget-heading\" data-id=\"7880a949\" data-element_type=\"widget\" data-e-type=\"widget\" data-widget_type=\"heading.default\">\n\t\t\t\t<div class=\"elementor-widget-container\">\n\t\t\t\t\t<h1 class=\"elementor-heading-title elementor-size-default\">Rechtliche Hinweise<\/h1>\t\t\t\t<\/div>\n\t\t\t\t<\/div>\n\t\t\t\t<div class=\"elementor-element elementor-element-487e3498 elementor-widget__width-initial elementor-widget-tablet__width-initial elementor-widget-mobile__width-inherit elementor-widget elementor-widget-text-editor\" data-id=\"487e3498\" data-element_type=\"widget\" data-e-type=\"widget\" data-widget_type=\"text-editor.default\">\n\t\t\t\t<div class=\"elementor-widget-container\">\n\t\t\t\t\t\t\t\t\t<p><span style=\"color: var( --e-global-color-text ); text-align: var(--text-align); background-color: var( --e-global-color-df3ae04 ); font-size: 1rem;\">Le&nbsp;pr\u00e9sent site est \u00e9dit\u00e9 par DRYLAST SAS au capital de 50 000,00 \u20ac &#8211; SIRET 921 522 728 00010 R.C.S. Lyon &#8211; TVA FR 05 921 522 728 &#8211; dont le si\u00e8ge social est situ\u00e9 13 rue des Emeraudes, 69006 Lyon, France.<\/span><\/p>\n<p><span style=\"color: var( --e-global-color-text ); text-align: var(--text-align); background-color: var( --e-global-color-df3ae04 ); font-size: 1rem;\">La soci\u00e9t\u00e9 est responsable des traitements effectu\u00e9s sur les donn\u00e9es personnelles collect\u00e9es via le site. Le directeur de la publication est Samuel Ducros, en qualit\u00e9 de pr\u00e9sident.<\/span><\/p>\n<p>N&rsquo;h\u00e9sitez pas \u00e0 nous contacter pour toute information ou conseil au +33 (0)4 72 37 50 01 (prix d&rsquo;un appel local) du lundi au vendredi de 8h30 \u00e0 12h30 et de 14h00 \u00e0 18h00 ou par e-mail depuis notre formulaire de contact.<\/p>\n<h3><span style=\"font-weight: 600;\" data-token-index=\"0\">H\u00e9bergement<\/span><\/h3>\n<p>L&rsquo;h\u00e9bergement du site est assur\u00e9 par OVH Group &#8211; SAS au capital de 10 069 020 \u20ac.<\/p>\n<p><span style=\"color: var( --e-global-color-text ); text-align: var(--text-align); background-color: var( --e-global-color-df3ae04 ); font-size: 1rem;\">RCS Lille M\u00e9tropole 424 761 419 00045Code APE 2620ZN\u00b0 TVA : FR 22 424 761 419Si\u00e8ge social : 2 rue Kellermann &#8211; 59100 Roubaix &#8211; FranceOVH SAS est une filiale de la soci\u00e9t\u00e9 OVH Groupe SAS, soci\u00e9t\u00e9 immatricul\u00e9e au RCS de Lille sous le num\u00e9ro 537 407 926 sise 2, rue Kellermann, 59100 Roubaix.<\/span><\/p>\n<h3><b>Cr\u00e9dits<\/b><\/h3>\n<p>\u00ab Le pr\u00e9sent site internet et l\u2019ensemble de ses informations (notamment logos, illustrations et contenus) sont la propri\u00e9t\u00e9 enti\u00e8re et exclusive des soci\u00e9t\u00e9s membres de Drylast et ses informations ne peuvent \u00eatre utilis\u00e9es \u00e0 aucune fin, de quelque fa\u00e7on que ce soit, sans l\u2019autorisation pr\u00e9alable et \u00e9crite de la direction g\u00e9n\u00e9rale de drylast. A d\u00e9faut, tout&nbsp; contrevenant s\u2019expose \u00e0 ce que des poursuites soient dirig\u00e9es \u00e0 son encontre. Photos non contractuelles et \u00e0 caract\u00e8re d\u2019illustration. Contenus textuels et informations soumis \u00e0 titre purement indicatif. Drylast d\u00e9cline toute responsabilit\u00e9 en cas d\u2019erreur typographique, d\u2019inexactitude, d\u2019alt\u00e9ration ou d\u2019omission affectant le sens du contenu. Drylast ne pourra en aucun cas \u00eatre tenu pour responsable de toute modification, interruption, suspension ou suppression de ce site. \u00bb<\/p>\n<h3><b>Limitation de responsabilit\u00e9<\/b><\/h3>\n<p>L&rsquo;\u00e9diteur du site et tous tiers impliqu\u00e9s dans sa cr\u00e9ation et son exploitation mettent tout en \u0153uvre pour offrir \u00e0 leurs utilisateurs la meilleure exp\u00e9rience de navigation possible, ainsi que des informations compl\u00e8tes et pertinentes.&nbsp;<\/p>\n<p>Ils ne donnent aucune garantie, explicite ou implicite, et n&rsquo;assument aucune responsabilit\u00e9 relative \u00e0 l&rsquo;utilisation de la pr\u00e9sente publication. A ce titre, leur responsabilit\u00e9 ne pourra en aucun cas \u00eatre engag\u00e9e du fait de la navigation de l&rsquo;utilisateur sur le site ou des informations publi\u00e9es. Ils ne pourront \u00eatre redevables \u00e0 un utilisateur ou une autre partie, des dommages directs ou indirects, sp\u00e9ciaux, particuliers ou accessoires d\u00e9coulant de l&rsquo;utilisation de ce site ou d&rsquo;un autre site reli\u00e9 par un hyperlien. Dans le cas o\u00f9 il serait constat\u00e9 un contenu inappropri\u00e9 ou illicite, nous vous invitons \u00e0 nous le signaler.<\/p>\n<h3><b>Propri\u00e9t\u00e9 Intellectuelle<\/b><\/h3>\n<p>L&rsquo;\u00e9diteur du site et tous tiers impliqu\u00e9s dans sa cr\u00e9ation et son exploitation sont titulaires des droits de propri\u00e9t\u00e9 et\/ou disposent de toutes les autorisations n\u00e9cessaires pour utiliser, exploiter et diffuser l&rsquo;ensemble du contenu du Site et des \u00e9l\u00e9ments permettant cette diffusion, utilisation, publication, et notamment les textes, dessins, graphiques, images, dessins, photos, marques, sigles, logos, logiciels. Ces \u00e9l\u00e9ments sont prot\u00e9g\u00e9s au titre du droit de la propri\u00e9t\u00e9 intellectuelle et\/ou des signes distinctifs. Il est par cons\u00e9quent interdit de copier, modifier, retranscrire, extraire, r\u00e9utiliser, exploiter, et d&rsquo;une mani\u00e8re g\u00e9n\u00e9rale reproduire et diffuser lesdits \u00e9l\u00e9ments sans l&rsquo;autorisation expresse de l&rsquo;\u00e9diteur.<\/p>\n<p>Il en est de m\u00eame des bases de donn\u00e9es figurant, le cas \u00e9ch\u00e9ant sur le site Internet qui sont prot\u00e9g\u00e9es par les dispositions de la loi du 1er juillet 1998 portant transposition dans le Code de la Propri\u00e9t\u00e9 Intellectuelle de la directive du 11 mars 1996 relative \u00e0 la protection juridique des bases de donn\u00e9es, et dont l&rsquo;\u00e9diteur du site est producteur.<\/p>\n<h3><b>Traitement des donn\u00e9es personnelles<\/b><\/h3>\n<p>Nous nous engageons \u00e0 prot\u00e9ger les donn\u00e9es personnelles des personnes utilisant notre site et la confidentialit\u00e9 des informations fournies, conform\u00e9ment aux r\u00e8gles suivantes :<\/p>\n<p>le R\u00e8glement (UE) 2016\/679 du Parlement europ\u00e9en et du Conseil du 27 avril 2016 (r\u00e8glement europ\u00e9en sur la protection des donn\u00e9es &#8211; RGPD), le cas \u00e9ch\u00e9ant, les textes adopt\u00e9s au sein de l&rsquo;Union europ\u00e9enne et les lois locales relatives aux donn\u00e9es \u00e0 caract\u00e8re personnel trait\u00e9es dans le cadre de son activit\u00e9.<\/p>\n<p>Les donn\u00e9es personnelles collect\u00e9es sont votre adresse IP, votre pr\u00e9nom, votre nom, votre adresse e-mail et votre num\u00e9ro de t\u00e9l\u00e9phone. Elles peuvent \u00eatre collect\u00e9es via :<\/p>\n<p><!-- notionvc: f9034f42-94b8-4572-b120-5e59248f31cb --><\/p>\n<p><span style=\"color: var( --e-global-color-text ); text-align: var(--text-align); background-color: var( --e-global-color-df3ae04 ); font-size: 1rem;\">Notre formulaire de demande d&rsquo;estimation pour pouvoir vous r\u00e9pondre, prendre un rendez-vous et\/ou \u00e9tablir un devis. Les donn\u00e9es sont conserv\u00e9es pendant 3 ans \u00e0 l&rsquo;issu de notre dernier \u00e9change. En toutes hypoth\u00e8ses, si un projet&nbsp;nous est confi\u00e9, les donn\u00e9es seront conserv\u00e9es pendant toute la dur\u00e9e de vie du projet puis archiv\u00e9es pendant la dur\u00e9e l\u00e9gale de prescription avant destruction d\u00e9finitive.<\/span><\/p>\n<p><span style=\"color: var( --e-global-color-text ); text-align: var(--text-align); background-color: var( --e-global-color-df3ae04 ); font-size: 1rem;\">Notre formulaire de contact, pour pouvoir vous r\u00e9pondre. Les donn\u00e9es sont conserv\u00e9es pendant 1 an \u00e0 l&rsquo;issu de notre dernier \u00e9change.<\/span><\/p>\n<p>Nos outils d&rsquo;analyse des visites, afin d&rsquo;en savoir plus sur la navigation de nos utilisateurs et d&rsquo;am\u00e9liorer nos services. Les donn\u00e9es sont conserv\u00e9es pendant 1 an.<\/p>\n<p>Vos donn\u00e9es personnelles peuvent faire l&rsquo;objet d&rsquo;un traitement automatis\u00e9 et sont susceptibles d&rsquo;\u00eatre communiqu\u00e9es, de mani\u00e8re s\u00e9curis\u00e9e, \u00e0 nos sous-traitants, notamment dans le cadre des missions d&rsquo;h\u00e9bergement, d&rsquo;infog\u00e9rance, de gestion comptable, d&rsquo;envoi de message \u00e9lectroniques, d&rsquo;analyse statistique ou de marketing.<\/p>\n<p>Sous r\u00e9serve de votre accord pr\u00e9alable, vos donn\u00e9es personnelles pourront \u00eatre transmises \u00e0 nos partenaires commerciaux. Elles peuvent \u00e9ventuellement \u00eatre transf\u00e9r\u00e9es hors de l&rsquo;Union Europ\u00e9enne, notamment dans le cadre de l&rsquo;exploitation des donn\u00e9es vers les r\u00e9seaux sociaux, m\u00eame si nous nous engageons \u00e0 stocker vos donn\u00e9es personnelles sur des serveurs s\u00e9curis\u00e9s situ\u00e9s en France.<\/p>\n<p>Conform\u00e9ment \u00e0 la r\u00e9glementation relative \u00e0 la protection des donn\u00e9es, vous disposez d&rsquo;un droit d&rsquo;acc\u00e8s, de rectification, de suppression et d&rsquo;opposition pour motif l\u00e9gitime, ainsi que d&rsquo;un droit \u00e0 l&rsquo;oubli et d&rsquo;un droit \u00e0 la portabilit\u00e9 de vos donn\u00e9es. Vous avez \u00e9galement la possibilit\u00e9 de nous faire part du sort que vous souhaitez r\u00e9server \u00e0 vos donn\u00e9es post-mortem. En cas de demande de suppression de vos donn\u00e9es, nous pourrons \u00eatre amen\u00e9s \u00e0 les conserver dans nos archives pour la dur\u00e9e n\u00e9cessaire \u00e0 satisfaire \u00e0 nos obligations l\u00e9gales, comptables et fiscales. Vous pouvez exercer vos droits en contactant le responsable du traitement. Vous pouvez introduire une r\u00e9clamation aupr\u00e8s de la CNIL si vous estimez que la protection de vos donn\u00e9es personnelles n&rsquo;a pas \u00e9t\u00e9 assur\u00e9e par le responsable du traitement. Pour plus d&rsquo;informations concernant l&rsquo;exercice de vos droits, vous pouvez consulter le site de la CNIL.<\/p>\n<h3><b>Cookies<\/b><\/h3>\n<div><b>&nbsp;<\/b><\/div>\n<p><b>D\u00e9finition<\/b><\/p>\n<p>Les cookies sont des donn\u00e9es stock\u00e9es dans l&rsquo;\u00e9quipement terminal d&rsquo;un internaute et utilis\u00e9es par le site pour envoyer des informations au navigateur de l&rsquo;internaute, et permettant \u00e0 ce navigateur de renvoyer des informations au site d&rsquo;origine (par exemple un identifiant de session, le choix d&rsquo;une langue ou une date). Les cookies permettent de conserver, pendant la dur\u00e9e de validit\u00e9 du cookie concern\u00e9, des informations d&rsquo;\u00e9tat lorsqu&rsquo;un navigateur acc\u00e8de aux diff\u00e9rentes pages d&rsquo;un site web ou lorsque ce navigateur retourne ult\u00e9rieurement sur ce site web.<\/p>\n<p>Lors de vos visites sur le site, des cookies peuvent \u00eatre install\u00e9s sur votre \u00e9quipement terminal. Ces cookies peuvent \u00e9mis par nous-m\u00eame dans le but de faciliter votre navigation sur notre site ou par nos partenaires afin de personnaliser l&rsquo;offre publicitaire qui vous est adress\u00e9e en dehors du site par exemple. Seul l&rsquo;\u00e9metteur d&rsquo;un cookie peut lire ou modifier les informations qui y sont contenues. Pour en savoir plus sur les cookies et leur incidence, vous pouvez consulter le site de la CNIL.<\/p>\n<p><b>Acceptation et refus des cookies<\/b><\/p>\n<p>Les cookies peuvent \u00eatre g\u00e9r\u00e9s de diff\u00e9rentes mani\u00e8res : vous pouvez les autoriser, les refuser, ou les d\u00e9sactiver lorsqu&rsquo;ils ont \u00e9t\u00e9 d\u00e9pos\u00e9s. Attention, tout param\u00e9trage est de nature \u00e0 modifier votre navigation sur Internet et vos conditions d&rsquo;acc\u00e8s \u00e0 certains services qui peuvent devenir inaccessibles. Si vous ne souhaitez pas modifier la configuration des cookies, poursuivez simplement votre visite sur site.<\/p>\n<p>Lors de votre premi\u00e8re navigation sur le site, nous sollicitons votre autorisation pour l&rsquo;installation de cookies. Vous avez la possibilit\u00e9, d&rsquo;accepter tous les cookies, de les rejeter syst\u00e9matiquement ou encore de choisir ceux que vous acceptez selon l&rsquo;\u00e9metteur. Vous pouvez revenir sur votre d\u00e9cision en cliquant sur le lien Gestion des cookies en pied de page.Vous pouvez \u00e9galement exprimer vos choix et modifier vos souhaits par l&rsquo;interm\u00e9diaire de votre navigateur. La configuration de chaque navigateur est diff\u00e9rente. Elle est d\u00e9crite dans le menu d&rsquo;aide de votre navigateur, qui vous permettra de savoir de quelle mani\u00e8re modifier vos souhaits en mati\u00e8re de cookies.<\/p>\n<p><b>Cookies utilis\u00e9s sur le site<\/b><\/p>\n<p>Les cookies que nous installons lorsque vous vous connectez \u00e0 notre site, sous r\u00e9serve de vos choix qui r\u00e9sultent des param\u00e8tres de votre logiciel de navigation, ont plusieurs applications :<\/p>\n<p>\u2022 les cookies analytiques sont destin\u00e9s \u00e0 \u00e9tablir des statistiques de fr\u00e9quentation afin de suivre et d&rsquo;am\u00e9liorer la qualit\u00e9 de nos services ;<\/p>\n<p>\u2022 les cookies strictement n\u00e9cessaires ont pour objectif d&rsquo;adapter la pr\u00e9sentation de notre site aux pr\u00e9f\u00e9rences d&rsquo;affichage de votre terminal, de conserver votre panier, etc. ;<\/p>\n<p>\u2022 les cookies fonctionnels ne sont pas indispensables \u00e0 la navigation sur notre site mais permettent d&rsquo;en optimiser le fonctionnement et de vous donner acc\u00e8s \u00e0 des fonctionnalit\u00e9s sp\u00e9cifiques (lecture de vid\u00e9os par exemple).<\/p>\n<p>La dur\u00e9e de conservation de nos cookies est de 13 mois maximum.<\/p>\n<p>L&rsquo;\u00e9mission et l&rsquo;utilisation de cookies par des tiers, sont soumises aux politiques de protection de la vie priv\u00e9e. Nous avons ni acc\u00e8s et ni contr\u00f4le sur les cookies tiers. Nous sommes n\u00e9anmoins attentifs \u00e0 ce que les soci\u00e9t\u00e9s qui traitent les informations collect\u00e9es sur notre site le fassent dans le respect de la r\u00e8glementation en vigueur.<\/p>\n<h3><span style=\"font-weight: 600;\" data-token-index=\"0\">EcoVadis<br><\/span><\/h3>\n<p>M\u00e9daille EcoVadis obtenue \u00e0 l&rsquo;\u00e9chelle du groupe SE Activities.<\/p>\t\t\t\t\t\t\t\t<\/div>\n\t\t\t\t<\/div>\n\t\t\t\t\t<\/div>\n\t\t\t\t<\/div>\n\t\t\t\t\t<\/div>\n\t\t\t\t<\/div>\n\t\t\t\t<\/div>\n\t\t\t\t<\/div>","protected":false},"excerpt":{"rendered":"<p>Mentions l\u00e9gales Le&nbsp;pr\u00e9sent site est \u00e9dit\u00e9 par DRYLAST SAS au capital de 50 000,00 \u20ac &#8211; SIRET 921 522 728 00010 R.C.S. Lyon &#8211; TVA FR 05 921 522 728 &#8211; dont le si\u00e8ge social est situ\u00e9 13 rue des Emeraudes, 69006 Lyon, France. La soci\u00e9t\u00e9 est responsable des traitements effectu\u00e9s sur les donn\u00e9es personnelles [&hellip;]<\/p>\n","protected":false},"author":1,"featured_media":0,"parent":0,"menu_order":0,"comment_status":"closed","ping_status":"closed","template":"","meta":{"footnotes":""},"class_list":["post-1753","page","type-page","status-publish","hentry"],"yoast_head":"<!-- This site is optimized with the Yoast SEO plugin v27.4 - https:\/\/yoast.com\/product\/yoast-seo-wordpress\/ -->\n<title>Mentions l\u00e9gales &#8211; Drylast<\/title>\n<meta name=\"description\" content=\"Les mentions l\u00e9gales du site Drylast.\" \/>\n<meta name=\"robots\" content=\"index, follow, max-snippet:-1, max-image-preview:large, max-video-preview:-1\" \/>\n<link rel=\"canonical\" href=\"https:\/\/drylast.com\/de\/mentions-legales\/\" \/>\n<meta property=\"og:locale\" content=\"de_DE\" \/>\n<meta property=\"og:type\" content=\"article\" \/>\n<meta property=\"og:title\" content=\"Mentions l\u00e9gales &#8211; Drylast\" \/>\n<meta property=\"og:description\" content=\"Les mentions l\u00e9gales du site Drylast.\" \/>\n<meta property=\"og:url\" content=\"https:\/\/drylast.com\/de\/mentions-legales\/\" \/>\n<meta property=\"og:site_name\" content=\"Drylast\" \/>\n<meta property=\"article:modified_time\" content=\"2025-05-21T12:58:22+00:00\" \/>\n<meta name=\"twitter:card\" content=\"summary_large_image\" \/>\n<meta name=\"twitter:label1\" content=\"Gesch\u00e4tzte Lesezeit\" \/>\n\t<meta name=\"twitter:data1\" content=\"9\u00a0Minuten\" \/>\n<script type=\"application\/ld+json\" class=\"yoast-schema-graph\">{\"@context\":\"https:\\\/\\\/schema.org\",\"@graph\":[{\"@type\":\"WebPage\",\"@id\":\"https:\\\/\\\/drylast.com\\\/mentions-legales\\\/\",\"url\":\"https:\\\/\\\/drylast.com\\\/mentions-legales\\\/\",\"name\":\"Mentions l\u00e9gales &#8211; Drylast\",\"isPartOf\":{\"@id\":\"https:\\\/\\\/drylast.com\\\/#website\"},\"datePublished\":\"2023-06-26T12:27:10+00:00\",\"dateModified\":\"2025-05-21T12:58:22+00:00\",\"description\":\"Les mentions l\u00e9gales du site Drylast.\",\"breadcrumb\":{\"@id\":\"https:\\\/\\\/drylast.com\\\/mentions-legales\\\/#breadcrumb\"},\"inLanguage\":\"de\",\"potentialAction\":[{\"@type\":\"ReadAction\",\"target\":[\"https:\\\/\\\/drylast.com\\\/mentions-legales\\\/\"]}]},{\"@type\":\"BreadcrumbList\",\"@id\":\"https:\\\/\\\/drylast.com\\\/mentions-legales\\\/#breadcrumb\",\"itemListElement\":[{\"@type\":\"ListItem\",\"position\":1,\"name\":\"Accueil\",\"item\":\"https:\\\/\\\/drylast.com\\\/\"},{\"@type\":\"ListItem\",\"position\":2,\"name\":\"Mentions l\u00e9gales\"}]},{\"@type\":\"WebSite\",\"@id\":\"https:\\\/\\\/drylast.com\\\/#website\",\"url\":\"https:\\\/\\\/drylast.com\\\/\",\"name\":\"Drylast\",\"description\":\"Technologies de Cool Roofing &amp; d&#039;\u00e9tanch\u00e9it\u00e9\",\"publisher\":{\"@id\":\"https:\\\/\\\/drylast.com\\\/#organization\"},\"potentialAction\":[{\"@type\":\"SearchAction\",\"target\":{\"@type\":\"EntryPoint\",\"urlTemplate\":\"https:\\\/\\\/drylast.com\\\/?s={search_term_string}\"},\"query-input\":{\"@type\":\"PropertyValueSpecification\",\"valueRequired\":true,\"valueName\":\"search_term_string\"}}],\"inLanguage\":\"de\"},{\"@type\":\"Organization\",\"@id\":\"https:\\\/\\\/drylast.com\\\/#organization\",\"name\":\"Drylast\",\"url\":\"https:\\\/\\\/drylast.com\\\/\",\"logo\":{\"@type\":\"ImageObject\",\"inLanguage\":\"de\",\"@id\":\"https:\\\/\\\/drylast.com\\\/#\\\/schema\\\/logo\\\/image\\\/\",\"url\":\"https:\\\/\\\/drylast.com\\\/wp-content\\\/uploads\\\/2023\\\/03\\\/Logo-drylast-fond-jaune-light.jpg\",\"contentUrl\":\"https:\\\/\\\/drylast.com\\\/wp-content\\\/uploads\\\/2023\\\/03\\\/Logo-drylast-fond-jaune-light.jpg\",\"width\":1500,\"height\":500,\"caption\":\"Drylast\"},\"image\":{\"@id\":\"https:\\\/\\\/drylast.com\\\/#\\\/schema\\\/logo\\\/image\\\/\"},\"sameAs\":[\"https:\\\/\\\/www.linkedin.com\\\/company\\\/drylast\\\/\"]}]}<\/script>\n<!-- \/ Yoast SEO plugin. -->","yoast_head_json":{"title":"Mentions l\u00e9gales &#8211; Drylast","description":"Les mentions l\u00e9gales du site Drylast.","robots":{"index":"index","follow":"follow","max-snippet":"max-snippet:-1","max-image-preview":"max-image-preview:large","max-video-preview":"max-video-preview:-1"},"canonical":"https:\/\/drylast.com\/de\/mentions-legales\/","og_locale":"de_DE","og_type":"article","og_title":"Mentions l\u00e9gales &#8211; Drylast","og_description":"Les mentions l\u00e9gales du site Drylast.","og_url":"https:\/\/drylast.com\/de\/mentions-legales\/","og_site_name":"Drylast","article_modified_time":"2025-05-21T12:58:22+00:00","twitter_card":"summary_large_image","twitter_misc":{"Gesch\u00e4tzte Lesezeit":"9\u00a0Minuten"},"schema":{"@context":"https:\/\/schema.org","@graph":[{"@type":"WebPage","@id":"https:\/\/drylast.com\/mentions-legales\/","url":"https:\/\/drylast.com\/mentions-legales\/","name":"Mentions l\u00e9gales &#8211; Drylast","isPartOf":{"@id":"https:\/\/drylast.com\/#website"},"datePublished":"2023-06-26T12:27:10+00:00","dateModified":"2025-05-21T12:58:22+00:00","description":"Les mentions l\u00e9gales du site Drylast.","breadcrumb":{"@id":"https:\/\/drylast.com\/mentions-legales\/#breadcrumb"},"inLanguage":"de","potentialAction":[{"@type":"ReadAction","target":["https:\/\/drylast.com\/mentions-legales\/"]}]},{"@type":"BreadcrumbList","@id":"https:\/\/drylast.com\/mentions-legales\/#breadcrumb","itemListElement":[{"@type":"ListItem","position":1,"name":"Accueil","item":"https:\/\/drylast.com\/"},{"@type":"ListItem","position":2,"name":"Mentions l\u00e9gales"}]},{"@type":"WebSite","@id":"https:\/\/drylast.com\/#website","url":"https:\/\/drylast.com\/","name":"Drylast","description":"Technologies de Cool Roofing &amp; d&#039;\u00e9tanch\u00e9it\u00e9","publisher":{"@id":"https:\/\/drylast.com\/#organization"},"potentialAction":[{"@type":"SearchAction","target":{"@type":"EntryPoint","urlTemplate":"https:\/\/drylast.com\/?s={search_term_string}"},"query-input":{"@type":"PropertyValueSpecification","valueRequired":true,"valueName":"search_term_string"}}],"inLanguage":"de"},{"@type":"Organization","@id":"https:\/\/drylast.com\/#organization","name":"Drylast","url":"https:\/\/drylast.com\/","logo":{"@type":"ImageObject","inLanguage":"de","@id":"https:\/\/drylast.com\/#\/schema\/logo\/image\/","url":"https:\/\/drylast.com\/wp-content\/uploads\/2023\/03\/Logo-drylast-fond-jaune-light.jpg","contentUrl":"https:\/\/drylast.com\/wp-content\/uploads\/2023\/03\/Logo-drylast-fond-jaune-light.jpg","width":1500,"height":500,"caption":"Drylast"},"image":{"@id":"https:\/\/drylast.com\/#\/schema\/logo\/image\/"},"sameAs":["https:\/\/www.linkedin.com\/company\/drylast\/"]}]}},"_links":{"self":[{"href":"https:\/\/drylast.com\/de\/wp-json\/wp\/v2\/pages\/1753","targetHints":{"allow":["GET"]}}],"collection":[{"href":"https:\/\/drylast.com\/de\/wp-json\/wp\/v2\/pages"}],"about":[{"href":"https:\/\/drylast.com\/de\/wp-json\/wp\/v2\/types\/page"}],"author":[{"embeddable":true,"href":"https:\/\/drylast.com\/de\/wp-json\/wp\/v2\/users\/1"}],"replies":[{"embeddable":true,"href":"https:\/\/drylast.com\/de\/wp-json\/wp\/v2\/comments?post=1753"}],"version-history":[{"count":52,"href":"https:\/\/drylast.com\/de\/wp-json\/wp\/v2\/pages\/1753\/revisions"}],"predecessor-version":[{"id":9549,"href":"https:\/\/drylast.com\/de\/wp-json\/wp\/v2\/pages\/1753\/revisions\/9549"}],"wp:attachment":[{"href":"https:\/\/drylast.com\/de\/wp-json\/wp\/v2\/media?parent=1753"}],"curies":[{"name":"wp","href":"https:\/\/api.w.org\/{rel}","templated":true}]}}