{"id":3949,"date":"2024-06-12T11:20:41","date_gmt":"2024-06-12T09:20:41","guid":{"rendered":"https:\/\/drylast.com\/?page_id=3949"},"modified":"2024-06-12T14:10:18","modified_gmt":"2024-06-12T12:10:18","slug":"politique-de-confidentialite","status":"publish","type":"page","link":"https:\/\/drylast.com\/de\/politique-de-confidentialite\/","title":{"rendered":"Datenschutzerkl\u00e4rung"},"content":{"rendered":"<div data-elementor-type=\"wp-page\" data-elementor-id=\"3949\" class=\"elementor elementor-3949\" data-elementor-settings=\"{&quot;ha_cmc_init_switcher&quot;:&quot;no&quot;}\" data-elementor-post-type=\"page\">\n\t\t\t\t<div class=\"elementor-element elementor-element-bfa51d4 e-con-full e-flex e-con e-parent\" data-id=\"bfa51d4\" data-element_type=\"container\" data-e-type=\"container\" data-settings=\"{&quot;background_background&quot;:&quot;classic&quot;,&quot;_ha_eqh_enable&quot;:false}\">\n\t\t<div class=\"elementor-element elementor-element-2fc81bac e-flex e-con-boxed e-con e-child\" data-id=\"2fc81bac\" data-element_type=\"container\" data-e-type=\"container\" data-settings=\"{&quot;_ha_eqh_enable&quot;:false}\">\n\t\t\t\t\t<div class=\"e-con-inner\">\n\t\t<div class=\"elementor-element elementor-element-1ba9a5dd e-flex e-con-boxed e-con e-child\" data-id=\"1ba9a5dd\" data-element_type=\"container\" data-e-type=\"container\" data-settings=\"{&quot;_ha_eqh_enable&quot;:false}\">\n\t\t\t\t\t<div class=\"e-con-inner\">\n\t\t\t\t<div class=\"elementor-element elementor-element-7880a949 elementor-widget__width-initial elementor-widget-mobile__width-inherit elementor-widget elementor-widget-heading\" data-id=\"7880a949\" data-element_type=\"widget\" data-e-type=\"widget\" data-widget_type=\"heading.default\">\n\t\t\t\t<div class=\"elementor-widget-container\">\n\t\t\t\t\t<h1 class=\"elementor-heading-title elementor-size-default\">Datenschutzerkl\u00e4rung<\/h1>\t\t\t\t<\/div>\n\t\t\t\t<\/div>\n\t\t\t\t<div class=\"elementor-element elementor-element-487e3498 elementor-widget__width-initial elementor-widget-tablet__width-initial elementor-widget-mobile__width-inherit elementor-widget elementor-widget-text-editor\" data-id=\"487e3498\" data-element_type=\"widget\" data-e-type=\"widget\" data-widget_type=\"text-editor.default\">\n\t\t\t\t<div class=\"elementor-widget-container\">\n\t\t\t\t\t\t\t\t\t<p>\nLe R\u00e8glement G\u00e9n\u00e9ral sur la Protection des Donn\u00e9es, UE 2016\/679 dit \u00ab RGPD \u00bb entr\u00e9 en vigueur le 25 mai 2018 et la Loi n\u00b0 78-17 du 6 janvier 1978 dite \u00ab loi informatique et libert\u00e9s \u00bb, modifi\u00e9e le 2 ao\u00fbt 2021, exigent de la part des entreprise de revoir leur approche en mati\u00e8re de protection des donn\u00e9es et la mani\u00e8re dont les entreprises collectent, utilisent et stockent les donn\u00e9es personnelles. Ainsi, Drylast s\u2019investit au quotidien dans la protection des donn\u00e9es personnelles de tout tiers consultant son site.<\/p><p><br><\/p>\n<h3 style=\"font-family: 'Din pro orginal', sans-serif; color: #333334;\"><span style=\"font-weight: bold; color: var( --e-global-color-text ); text-align: var(--text-align); background-color: var( --e-global-color-df3ae04 );\">Informations que nous collections&nbsp;<\/span><\/h3>\n<h3 style=\"font-family: 'Din pro orginal', sans-serif; color: #333334;\"><span style=\"font-weight: bold; color: var( --e-global-color-text ); text-align: var(--text-align); background-color: var( --e-global-color-df3ae04 ); font-size: 1rem;\">Informations personnelles fournies par vos soins<\/span><\/h3>\n<p class=\"translation-block\"><span style=\"color: var( --e-global-color-text ); text-align: var(--text-align); background-color: var( --e-global-color-df3ae04 ); font-size: 1rem;\">Nous collectons les informations personnelles que vous nous fournissez directement :<br>\r\n<\/span><span style=\"background-color: var( --e-global-color-df3ae04 ); color: var( --e-global-color-text ); font-size: 1rem; text-align: var(--text-align);\">\u2013 Nom<br>\r\n<\/span><span style=\"background-color: var( --e-global-color-df3ae04 ); color: var( --e-global-color-text ); font-size: 1rem; text-align: var(--text-align);\">\u2013 Pr\u00e9nom<br>\r\n<\/span><span style=\"background-color: var( --e-global-color-df3ae04 ); color: var( --e-global-color-text ); font-size: 1rem; text-align: var(--text-align);\">\u2013 Adresse mail<br>\r\n<\/span><span style=\"background-color: var( --e-global-color-df3ae04 ); color: var( --e-global-color-text ); font-size: 1rem; text-align: var(--text-align);\">\u2013 Soci\u00e9t\u00e9<br>\r\n<\/span><span style=\"background-color: var( --e-global-color-df3ae04 ); color: var( --e-global-color-text ); font-size: 1rem; text-align: var(--text-align);\">\u2013 Num\u00e9ro de t\u00e9l\u00e9phone<\/span><\/p>\n<p>Notre formulaire de demande de devis pour pouvoir vous r\u00e9pondre, prendre rendez-vous et\/ou \u00e9tablir un devis : les donn\u00e9es sont conserv\u00e9es 3 ans apr\u00e8s notre dernier \u00e9change. Dans tous les cas, si un projet nous est confi\u00e9, les donn\u00e9es seront conserv\u00e9es pendant toute la dur\u00e9e de vie du projet puis archiv\u00e9es pendant le d\u00e9lai l\u00e9gal de prescription avant destruction d\u00e9finitive.<\/p>\n<p><!-- notionvc: 0c67abd6-19b9-423e-adbf-f7253945a59f --><\/p>\n<p>Notre formulaire de contact, pour pouvoir vous r\u00e9pondre : les donn\u00e9es sont conserv\u00e9es 1 an apr\u00e8s notre dernier \u00e9change.<\/p>\n<p>Nos outils d&rsquo;analyse des visites, afin de mieux conna\u00eetre la navigation de nos utilisateurs et d&rsquo;am\u00e9liorer nos services : les donn\u00e9es sont conserv\u00e9es 1 an.<\/p>\n<p><span style=\"font-weight: bold; color: var( --e-global-color-text ); text-align: var(--text-align); background-color: var( --e-global-color-df3ae04 ); font-size: 1rem;\">Autres informations que nous collectons<\/span><\/p>\n<p class=\"translation-block\">Lorsque vous visitez notre site, nous pouvons recueillir automatiquement certaines informations via des cookies et d\u2019autres technologies de suivi, notamment :<br>\r\n<span style=\"color: var( --e-global-color-text ); text-align: var(--text-align); background-color: var( --e-global-color-df3ae04 ); font-size: 1rem;\">\u2013&nbsp;<\/span><span style=\"color: var( --e-global-color-text ); text-align: var(--text-align); background-color: transparent; font-size: 1rem;\">Adresse IP<br>\r\n<\/span><span style=\"background-color: transparent; color: var( --e-global-color-text ); font-size: 1rem; text-align: var(--text-align);\">\u2013 Type de navigateur<br>\r\n<\/span><span style=\"background-color: transparent; color: var( --e-global-color-text ); text-align: var(--text-align); font-size: 1rem;\">\u2013 Pages visit\u00e9es<br>\r\n<\/span><span style=\"background-color: transparent; color: var( --e-global-color-text ); text-align: var(--text-align); font-size: 1rem;\">\u2013 Heure et dur\u00e9e de la visite<br>\r\n<\/span><span style=\"color: var( --e-global-color-text ); text-align: var(--text-align); background-color: transparent; font-size: 1rem;\">\u2013 Sites web de r\u00e9f\u00e9rence<\/span><span style=\"color: var( --e-global-color-text ); text-align: var(--text-align); font-size: 1rem; font-weight: bold; background-color: var( --e-global-color-df3ae04 );\">&nbsp;<\/span><\/p>\n<p><span style=\"font-weight: bold;\">Vente de donn\u00e9es personnelles<\/span><\/p>\n<p>Drylast ne vend pas de donn\u00e9es personnelles.<\/p>\n<p><span style=\"font-weight: bold;\">Destinataires<\/span><\/p>\n<p class=\"translation-block\">Sous r\u00e9serve de votre accord pr\u00e9alable, vos donn\u00e9es personnelles pourront \u00eatre transmises \u00e0 des tiers et\/ou partenaires de confiance uniquement pour les besoins suivants :<br>\r\n<span style=\"color: var( --e-global-color-text ); text-align: var(--text-align); background-color: var( --e-global-color-df3ae04 ); font-size: 1rem;\">\u2013&nbsp;<\/span><span style=\"color: var( --e-global-color-text ); text-align: var(--text-align); background-color: transparent; font-size: 1rem;\">Traitement des paiements (avec les fournisseurs de services de paiement<br>\r\n<\/span><span style=\"background-color: transparent; color: var( --e-global-color-text ); font-size: 1rem; text-align: var(--text-align);\">\u2013 Livraison des produits (avec les entreprises de livraison)<br>\r\n<\/span><span style=\"background-color: transparent; color: var( --e-global-color-text ); text-align: var(--text-align); font-size: 1rem;\">\u2013 Marketing et analyse (avec les services d\u2019analyse et de publicit\u00e9)<br>\r\n<\/span><span style=\"background-color: transparent; color: var( --e-global-color-text ); text-align: var(--text-align); font-size: 1rem;\">\u2013 Conformit\u00e9 l\u00e9gale (si requis par la loi)<\/span><\/p>\n<p><span style=\"color: var( --e-global-color-text ); text-align: var(--text-align); background-color: var( --e-global-color-df3ae04 ); font-size: 1rem;\">Certaines fonctionnalit\u00e9s de notre site peuvent \u00eatre fournies par des services tiers qui peuvent collecter des informations vous concernant selon leurs propres politiques de confidentialit\u00e9. Par exemple, les boutons de r\u00e9seaux sociaux peuvent collecter des informations de navigation.<\/span><\/p>\n<p>Elles pourront \u00eatre transf\u00e9r\u00e9es hors de l&rsquo;Union europ\u00e9enne, notamment dans le cadre de l&rsquo;exploitation de donn\u00e9es vers les r\u00e9seaux sociaux, m\u00eame si nous nous engageons \u00e0 stocker vos donn\u00e9es personnelles sur des serveurs s\u00e9curis\u00e9s situ\u00e9s en France.<\/p><p><br><\/p>\n<h3><b style=\"color: inherit; font-family: inherit; font-size: 1.75rem; text-align: var(--text-align); background-color: var( --e-global-color-df3ae04 );\">Protection de vos informations<\/b><\/h3>\n<p class=\"translation-block\">Nous mettons en place des mesures de s\u00e9curit\u00e9 appropri\u00e9es pour prot\u00e9ger vos informations personnelles contre l\u2019acc\u00e8s non autoris\u00e9, l\u2019alt\u00e9ration, la divulgation ou la destruction. Ces mesures incluent :<br>\r\n<span style=\"background-color: transparent; color: var( --e-global-color-text ); text-align: var(--text-align); font-size: 1rem;\">\u2013 Le cryptage des donn\u00e9es<br>\r\n<\/span><span style=\"background-color: transparent; color: var( --e-global-color-text ); text-align: var(--text-align);\">\u2013 L\u2019acc\u00e8s restreint \u00e0 vos informations personnelles<br>\r\n<\/span><span style=\"background-color: transparent; color: var( --e-global-color-text ); text-align: var(--text-align);\">\u2013 La formation de notre personnel en mati\u00e8re de protection des donn\u00e9es<\/span><\/p><p><span style=\"background-color: transparent; color: var( --e-global-color-text ); text-align: var(--text-align);\"><br><\/span><\/p>\n<h3 style=\"font-family: 'Din pro orginal', sans-serif; color: #333334;\"><span style=\"font-weight: bold; color: inherit; font-family: inherit; font-size: 1.75rem; text-align: var(--text-align); background-color: var( --e-global-color-df3ae04 );\">Vos droits<\/span><\/h3>\n<p>Conform\u00e9ment \u00e0 la r\u00e9glementation relative \u00e0 la protection des donn\u00e9es, vous disposez de plusieurs droits concernant vos informations personnelles. Vous avez le droit d&rsquo;acc\u00e9der \u00e0 vos informations personnelles et de demander leur correction ou mise \u00e0 jour si elles sont inexactes ou incompl\u00e8tes. Vous pouvez \u00e9galement demander la suppression de vos informations personnelles. Cependant, nous pourrons \u00eatre tenus de conserver certaines informations dans nos archives pendant la dur\u00e9e n\u00e9cessaire pour r\u00e9pondre \u00e0 nos obligations l\u00e9gales, comptables et fiscales.<\/p>\n<p>Vous avez \u00e9galement le droit de vous opposer \u00e0 l&rsquo;utilisation de vos informations personnelles \u00e0 des fins de marketing direct. Pour exercer ce droit, vous pouvez nous contacter \u00e0 l&rsquo;adresse indiqu\u00e9e ci-dessous ou utiliser le lien de d\u00e9sinscription dans nos emails. En outre, vous avez le droit \u00e0 l&rsquo;oubli et \u00e0 la portabilit\u00e9 de vos donn\u00e9es, ainsi que la possibilit\u00e9 de nous informer du sort que vous souhaitez r\u00e9server \u00e0 vos donn\u00e9es post mortem.<\/p>\n<p><span style=\"color: var( --e-global-color-text ); text-align: var(--text-align); background-color: var( --e-global-color-df3ae04 ); font-size: 1rem;\">Si vous estimez que la protection de vos donn\u00e9es personnelles n&rsquo;est pas assur\u00e9e par le responsable du traitement, vous pouvez introduire une r\u00e9clamation aupr\u00e8s de la CNIL. Pour plus d\u2019informations sur l\u2019exercice de vos droits, vous pouvez consulter le site de la CNIL. Vous pouvez exercer vos droits en contactant le responsable du traitement<\/span><span style=\"color: var( --e-global-color-text ); text-align: var(--text-align); font-size: 1rem; background-color: var( --e-global-color-df3ae04 );\">.&nbsp;<\/span><\/p><p><span style=\"color: var( --e-global-color-text ); text-align: var(--text-align); font-size: 1rem; background-color: var( --e-global-color-df3ae04 );\"><br><\/span><\/p>\n<h3 style=\"font-family: 'Din pro orginal', sans-serif; color: #333334;\"><b>Nous contacter<\/b><\/h3>\n<p><span style=\"color: var( --e-global-color-text ); text-align: var(--text-align); background-color: var( --e-global-color-df3ae04 ); font-size: 1rem;\">Si vous avez des questions concernant cette politique de confidentialit\u00e9, veuillez nous contacter \u00e0 :<\/span><\/p>\n<div>Drylast SAS &#8211; 13 rue des \u00c9meraudes<br>\n69006, Lyon &#8211; France<br>\n<span style=\"color: var( --e-global-color-text ); text-align: var(--text-align); background-color: var( --e-global-color-df3ae04 ); font-size: 1rem;\"><br>\n<\/span><a href=\"mailto:info@drylast.com\"><span style=\"color: var( --e-global-color-text ); text-align: var(--text-align); background-color: var( --e-global-color-df3ae04 ); font-size: 1rem;\">info@drylast.com<\/span><\/a><\/div>\n<div><\/div>\n<div>04 72 37 50 01<\/div>\n<div><\/div>\n<div><\/div>\n<div>En utilisant Drylast.com, vous acceptez les termes de cette politique de confidentialit\u00e9. Merci de votre confiance en nos services.<\/div>\t\t\t\t\t\t\t\t<\/div>\n\t\t\t\t<\/div>\n\t\t\t\t\t<\/div>\n\t\t\t\t<\/div>\n\t\t\t\t\t<\/div>\n\t\t\t\t<\/div>\n\t\t\t\t<\/div>\n\t\t\t\t<\/div>","protected":false},"excerpt":{"rendered":"<p>Politique de confidentialit\u00e9 Le R\u00e8glement G\u00e9n\u00e9ral sur la Protection des Donn\u00e9es, UE 2016\/679 dit \u00ab RGPD \u00bb entr\u00e9 en vigueur le 25 mai 2018 et la Loi n\u00b0 78-17 du 6 janvier 1978 dite \u00ab loi informatique et libert\u00e9s \u00bb, modifi\u00e9e le 2 ao\u00fbt 2021, exigent de la part des entreprise de revoir leur approche [&hellip;]<\/p>\n","protected":false},"author":3,"featured_media":0,"parent":0,"menu_order":0,"comment_status":"closed","ping_status":"closed","template":"","meta":{"footnotes":""},"class_list":["post-3949","page","type-page","status-publish","hentry"],"yoast_head":"<!-- This site is optimized with the Yoast SEO plugin v27.4 - https:\/\/yoast.com\/product\/yoast-seo-wordpress\/ -->\n<title>Politique de confidentialit\u00e9 &#8211; Drylast<\/title>\n<meta name=\"description\" content=\"Les mentions l\u00e9gales du site Drylast.\" \/>\n<meta name=\"robots\" content=\"index, follow, max-snippet:-1, max-image-preview:large, max-video-preview:-1\" \/>\n<link rel=\"canonical\" href=\"https:\/\/drylast.com\/de\/politique-de-confidentialite\/\" \/>\n<meta property=\"og:locale\" content=\"de_DE\" \/>\n<meta property=\"og:type\" content=\"article\" \/>\n<meta property=\"og:title\" content=\"Politique de confidentialit\u00e9 &#8211; Drylast\" \/>\n<meta property=\"og:description\" content=\"Les mentions l\u00e9gales du site Drylast.\" \/>\n<meta property=\"og:url\" content=\"https:\/\/drylast.com\/de\/politique-de-confidentialite\/\" \/>\n<meta property=\"og:site_name\" content=\"Drylast\" \/>\n<meta property=\"article:modified_time\" content=\"2024-06-12T12:10:18+00:00\" \/>\n<meta name=\"twitter:card\" content=\"summary_large_image\" \/>\n<meta name=\"twitter:label1\" content=\"Gesch\u00e4tzte Lesezeit\" \/>\n\t<meta name=\"twitter:data1\" content=\"4\u00a0Minuten\" \/>\n<script type=\"application\/ld+json\" class=\"yoast-schema-graph\">{\"@context\":\"https:\\\/\\\/schema.org\",\"@graph\":[{\"@type\":\"WebPage\",\"@id\":\"https:\\\/\\\/drylast.com\\\/politique-de-confidentialite\\\/\",\"url\":\"https:\\\/\\\/drylast.com\\\/politique-de-confidentialite\\\/\",\"name\":\"Politique de confidentialit\u00e9 &#8211; Drylast\",\"isPartOf\":{\"@id\":\"https:\\\/\\\/drylast.com\\\/#website\"},\"datePublished\":\"2024-06-12T09:20:41+00:00\",\"dateModified\":\"2024-06-12T12:10:18+00:00\",\"description\":\"Les mentions l\u00e9gales du site Drylast.\",\"breadcrumb\":{\"@id\":\"https:\\\/\\\/drylast.com\\\/politique-de-confidentialite\\\/#breadcrumb\"},\"inLanguage\":\"de\",\"potentialAction\":[{\"@type\":\"ReadAction\",\"target\":[\"https:\\\/\\\/drylast.com\\\/politique-de-confidentialite\\\/\"]}]},{\"@type\":\"BreadcrumbList\",\"@id\":\"https:\\\/\\\/drylast.com\\\/politique-de-confidentialite\\\/#breadcrumb\",\"itemListElement\":[{\"@type\":\"ListItem\",\"position\":1,\"name\":\"Accueil\",\"item\":\"https:\\\/\\\/drylast.com\\\/\"},{\"@type\":\"ListItem\",\"position\":2,\"name\":\"Politique de confidentialit\u00e9\"}]},{\"@type\":\"WebSite\",\"@id\":\"https:\\\/\\\/drylast.com\\\/#website\",\"url\":\"https:\\\/\\\/drylast.com\\\/\",\"name\":\"Drylast\",\"description\":\"Technologies de Cool Roofing &amp; d&#039;\u00e9tanch\u00e9it\u00e9\",\"publisher\":{\"@id\":\"https:\\\/\\\/drylast.com\\\/#organization\"},\"potentialAction\":[{\"@type\":\"SearchAction\",\"target\":{\"@type\":\"EntryPoint\",\"urlTemplate\":\"https:\\\/\\\/drylast.com\\\/?s={search_term_string}\"},\"query-input\":{\"@type\":\"PropertyValueSpecification\",\"valueRequired\":true,\"valueName\":\"search_term_string\"}}],\"inLanguage\":\"de\"},{\"@type\":\"Organization\",\"@id\":\"https:\\\/\\\/drylast.com\\\/#organization\",\"name\":\"Drylast\",\"url\":\"https:\\\/\\\/drylast.com\\\/\",\"logo\":{\"@type\":\"ImageObject\",\"inLanguage\":\"de\",\"@id\":\"https:\\\/\\\/drylast.com\\\/#\\\/schema\\\/logo\\\/image\\\/\",\"url\":\"https:\\\/\\\/drylast.com\\\/wp-content\\\/uploads\\\/2023\\\/03\\\/Logo-drylast-fond-jaune-light.jpg\",\"contentUrl\":\"https:\\\/\\\/drylast.com\\\/wp-content\\\/uploads\\\/2023\\\/03\\\/Logo-drylast-fond-jaune-light.jpg\",\"width\":1500,\"height\":500,\"caption\":\"Drylast\"},\"image\":{\"@id\":\"https:\\\/\\\/drylast.com\\\/#\\\/schema\\\/logo\\\/image\\\/\"},\"sameAs\":[\"https:\\\/\\\/www.linkedin.com\\\/company\\\/drylast\\\/\"]}]}<\/script>\n<!-- \/ Yoast SEO plugin. -->","yoast_head_json":{"title":"Politique de confidentialit\u00e9 &#8211; Drylast","description":"Les mentions l\u00e9gales du site Drylast.","robots":{"index":"index","follow":"follow","max-snippet":"max-snippet:-1","max-image-preview":"max-image-preview:large","max-video-preview":"max-video-preview:-1"},"canonical":"https:\/\/drylast.com\/de\/politique-de-confidentialite\/","og_locale":"de_DE","og_type":"article","og_title":"Politique de confidentialit\u00e9 &#8211; Drylast","og_description":"Les mentions l\u00e9gales du site Drylast.","og_url":"https:\/\/drylast.com\/de\/politique-de-confidentialite\/","og_site_name":"Drylast","article_modified_time":"2024-06-12T12:10:18+00:00","twitter_card":"summary_large_image","twitter_misc":{"Gesch\u00e4tzte Lesezeit":"4\u00a0Minuten"},"schema":{"@context":"https:\/\/schema.org","@graph":[{"@type":"WebPage","@id":"https:\/\/drylast.com\/politique-de-confidentialite\/","url":"https:\/\/drylast.com\/politique-de-confidentialite\/","name":"Politique de confidentialit\u00e9 &#8211; Drylast","isPartOf":{"@id":"https:\/\/drylast.com\/#website"},"datePublished":"2024-06-12T09:20:41+00:00","dateModified":"2024-06-12T12:10:18+00:00","description":"Les mentions l\u00e9gales du site Drylast.","breadcrumb":{"@id":"https:\/\/drylast.com\/politique-de-confidentialite\/#breadcrumb"},"inLanguage":"de","potentialAction":[{"@type":"ReadAction","target":["https:\/\/drylast.com\/politique-de-confidentialite\/"]}]},{"@type":"BreadcrumbList","@id":"https:\/\/drylast.com\/politique-de-confidentialite\/#breadcrumb","itemListElement":[{"@type":"ListItem","position":1,"name":"Accueil","item":"https:\/\/drylast.com\/"},{"@type":"ListItem","position":2,"name":"Politique de confidentialit\u00e9"}]},{"@type":"WebSite","@id":"https:\/\/drylast.com\/#website","url":"https:\/\/drylast.com\/","name":"Drylast","description":"Technologies de Cool Roofing &amp; d&#039;\u00e9tanch\u00e9it\u00e9","publisher":{"@id":"https:\/\/drylast.com\/#organization"},"potentialAction":[{"@type":"SearchAction","target":{"@type":"EntryPoint","urlTemplate":"https:\/\/drylast.com\/?s={search_term_string}"},"query-input":{"@type":"PropertyValueSpecification","valueRequired":true,"valueName":"search_term_string"}}],"inLanguage":"de"},{"@type":"Organization","@id":"https:\/\/drylast.com\/#organization","name":"Drylast","url":"https:\/\/drylast.com\/","logo":{"@type":"ImageObject","inLanguage":"de","@id":"https:\/\/drylast.com\/#\/schema\/logo\/image\/","url":"https:\/\/drylast.com\/wp-content\/uploads\/2023\/03\/Logo-drylast-fond-jaune-light.jpg","contentUrl":"https:\/\/drylast.com\/wp-content\/uploads\/2023\/03\/Logo-drylast-fond-jaune-light.jpg","width":1500,"height":500,"caption":"Drylast"},"image":{"@id":"https:\/\/drylast.com\/#\/schema\/logo\/image\/"},"sameAs":["https:\/\/www.linkedin.com\/company\/drylast\/"]}]}},"_links":{"self":[{"href":"https:\/\/drylast.com\/de\/wp-json\/wp\/v2\/pages\/3949","targetHints":{"allow":["GET"]}}],"collection":[{"href":"https:\/\/drylast.com\/de\/wp-json\/wp\/v2\/pages"}],"about":[{"href":"https:\/\/drylast.com\/de\/wp-json\/wp\/v2\/types\/page"}],"author":[{"embeddable":true,"href":"https:\/\/drylast.com\/de\/wp-json\/wp\/v2\/users\/3"}],"replies":[{"embeddable":true,"href":"https:\/\/drylast.com\/de\/wp-json\/wp\/v2\/comments?post=3949"}],"version-history":[{"count":53,"href":"https:\/\/drylast.com\/de\/wp-json\/wp\/v2\/pages\/3949\/revisions"}],"predecessor-version":[{"id":4010,"href":"https:\/\/drylast.com\/de\/wp-json\/wp\/v2\/pages\/3949\/revisions\/4010"}],"wp:attachment":[{"href":"https:\/\/drylast.com\/de\/wp-json\/wp\/v2\/media?parent=3949"}],"curies":[{"name":"wp","href":"https:\/\/api.w.org\/{rel}","templated":true}]}}