{"id":1753,"date":"2023-06-26T14:27:10","date_gmt":"2023-06-26T12:27:10","guid":{"rendered":"https:\/\/drylast.com\/?page_id=1753"},"modified":"2025-05-21T14:58:22","modified_gmt":"2025-05-21T12:58:22","slug":"mentions-legales","status":"publish","type":"page","link":"https:\/\/drylast.com\/en\/mentions-legales\/","title":{"rendered":"Legal mentions"},"content":{"rendered":"<div data-elementor-type=\"wp-page\" data-elementor-id=\"1753\" class=\"elementor elementor-1753\" data-elementor-settings=\"{&quot;ha_cmc_init_switcher&quot;:&quot;no&quot;}\" data-elementor-post-type=\"page\">\n\t\t\t\t<div class=\"elementor-element elementor-element-bfa51d4 e-con-full e-flex e-con e-parent\" data-id=\"bfa51d4\" data-element_type=\"container\" data-e-type=\"container\" data-settings=\"{&quot;background_background&quot;:&quot;classic&quot;,&quot;_ha_eqh_enable&quot;:false}\">\n\t\t<div class=\"elementor-element elementor-element-2fc81bac e-flex e-con-boxed e-con e-child\" data-id=\"2fc81bac\" data-element_type=\"container\" data-e-type=\"container\" data-settings=\"{&quot;_ha_eqh_enable&quot;:false}\">\n\t\t\t\t\t<div class=\"e-con-inner\">\n\t\t<div class=\"elementor-element elementor-element-1ba9a5dd e-flex e-con-boxed e-con e-child\" data-id=\"1ba9a5dd\" data-element_type=\"container\" data-e-type=\"container\" data-settings=\"{&quot;_ha_eqh_enable&quot;:false}\">\n\t\t\t\t\t<div class=\"e-con-inner\">\n\t\t\t\t<div class=\"elementor-element elementor-element-7880a949 elementor-widget__width-initial elementor-widget-mobile__width-inherit elementor-widget elementor-widget-heading\" data-id=\"7880a949\" data-element_type=\"widget\" data-e-type=\"widget\" data-widget_type=\"heading.default\">\n\t\t\t\t<div class=\"elementor-widget-container\">\n\t\t\t\t\t<h1 class=\"elementor-heading-title elementor-size-default\">Legal mentions<\/h1>\t\t\t\t<\/div>\n\t\t\t\t<\/div>\n\t\t\t\t<div class=\"elementor-element elementor-element-487e3498 elementor-widget__width-initial elementor-widget-tablet__width-initial elementor-widget-mobile__width-inherit elementor-widget elementor-widget-text-editor\" data-id=\"487e3498\" data-element_type=\"widget\" data-e-type=\"widget\" data-widget_type=\"text-editor.default\">\n\t\t\t\t<div class=\"elementor-widget-container\">\n\t\t\t\t\t\t\t\t\t<p><span style=\"color: var( --e-global-color-text ); text-align: var(--text-align); background-color: var( --e-global-color-df3ae04 ); font-size: 1rem;\">Le&nbsp;pr\u00e9sent site est \u00e9dit\u00e9 par DRYLAST SAS au capital de 50 000,00 \u20ac &#8211; SIRET 921 522 728 00010 R.C.S. Lyon &#8211; TVA FR 05 921 522 728 &#8211; dont le si\u00e8ge social est situ\u00e9 13 rue des Emeraudes, 69006 Lyon, France.<\/span><\/p>\n<p><span style=\"color: var( --e-global-color-text ); text-align: var(--text-align); background-color: var( --e-global-color-df3ae04 ); font-size: 1rem;\">The company is responsible for processing the personal data collected through the site. The publication director is Samuel Ducros, in his capacity as president.<\/span><\/p>\n<p>Feel free to contact us for any information or advice at +33 (0)4 72 37 50 01 (local call rate) from Monday to Friday, 8:30 AM to 12:30 PM and 2:00 PM to 6:00 PM, or by email through our contact form.<\/p>\n<h3><span style=\"font-weight: 600;\" data-token-index=\"0\">Hosting<\/span><\/h3>\n<p>L\u2019h\u00e9bergement du site est assur\u00e9 par OVH Group \u2013 SAS au capital de 10 069 020 \u20ac.<\/p>\n<p><span style=\"color: var( --e-global-color-text ); text-align: var(--text-align); background-color: var( --e-global-color-df3ae04 ); font-size: 1rem;\">RCS Lille M\u00e9tropole 424 761 419 00045\nAPE Code 2620Z\nVAT Number: FR 22 424 761 419\nRegistered office: 2 rue Kellermann \u2013 59100 Roubaix \u2013 France\nOVH SAS is a subsidiary of OVH Groupe SAS, a company registered at the Lille RCS under number 537 407 926, with its registered office at 2, rue Kellermann, 59100 Roubaix.<\/span><\/p>\n<h3><b>Credits<\/b><\/h3>\n<p>\u00ab Le pr\u00e9sent site internet et l\u2019ensemble de ses informations (notamment logos, illustrations et contenus) sont la propri\u00e9t\u00e9 enti\u00e8re et exclusive des soci\u00e9t\u00e9s membres de Drylast et ses informations ne peuvent \u00eatre utilis\u00e9es \u00e0 aucune fin, de quelque fa\u00e7on que ce soit, sans l\u2019autorisation pr\u00e9alable et \u00e9crite de la direction g\u00e9n\u00e9rale de drylast. A d\u00e9faut, tout&nbsp; contrevenant s\u2019expose \u00e0 ce que des poursuites soient dirig\u00e9es \u00e0 son encontre. Photos non contractuelles et \u00e0 caract\u00e8re d\u2019illustration. Contenus textuels et informations soumis \u00e0 titre purement indicatif. Drylast d\u00e9cline toute responsabilit\u00e9 en cas d\u2019erreur typographique, d\u2019inexactitude, d\u2019alt\u00e9ration ou d\u2019omission affectant le sens du contenu. Drylast ne pourra en aucun cas \u00eatre tenu pour responsable de toute modification, interruption, suspension ou suppression de ce site. \u00bb<\/p>\n<h3><b>Limitation of liability<\/b><\/h3>\n<p>The website publisher and all third parties involved in its creation and operation strive to provide users with the best browsing experience possible, as well as complete and relevant information.&nbsp;<\/p>\n<p>They make no explicit or implicit warranties and assume no responsibility regarding the use of this publication. As such, their liability cannot be engaged due to the user's navigation on the site or the information published. They cannot be held liable to any user or other party for direct or indirect, special, incidental, or consequential damages arising from the use of this site or any other site linked via a hyperlink. In the event that inappropriate or illegal content is found, we encourage you to report it to us.<\/p>\n<h3><b>Intellectual Property<\/b><\/h3>\n<p>The website publisher and all third parties involved in its creation and operation hold the intellectual property rights and\/or have all necessary authorizations to use, exploit, and distribute all content on the site and the elements enabling this distribution, use, publication, including texts, drawings, graphics, images, designs, photos, trademarks, symbols, logos, and software. These elements are protected under intellectual property law and\/or distinctive signs. It is therefore prohibited to copy, modify, transcribe, extract, reuse, exploit, or, in general, reproduce and distribute these elements without the express permission of the publisher.<\/p>\n<p>The same applies to the databases, if any, featured on the website, which are protected by the provisions of the law of July 1, 1998, transposing into the Intellectual Property Code the directive of March 11, 1996, relating to the legal protection of databases, and for which the website publisher is the producer.<\/p>\n<h3><b>Personal data processing<\/b><\/h3>\n<p>We are committed to protecting the personal data of individuals using our site and ensuring the confidentiality of the information provided, in accordance with the following guidelines :<\/p>\n<p>The Regulation (EU) 2016\/679 of the European Parliament and Council of April 27, 2016 (General Data Protection Regulation \u2013 GDPR), and where applicable, the texts adopted within the European Union and local laws related to the processing of personal data in the context of its activities.<\/p>\n<p>The personal data collected are your IP address, first name, last name, email address, and phone number. These may be collected through :<\/p>\n<p><!-- notionvc: f9034f42-94b8-4572-b120-5e59248f31cb --><\/p>\n<p><span style=\"color: var( --e-global-color-text ); text-align: var(--text-align); background-color: var( --e-global-color-df3ae04 ); font-size: 1rem;\">Notre formulaire de demande d&rsquo;estimation pour pouvoir vous r\u00e9pondre, prendre un rendez-vous et\/ou \u00e9tablir un devis. Les donn\u00e9es sont conserv\u00e9es pendant 3 ans \u00e0 l&rsquo;issu de notre dernier \u00e9change. En toutes hypoth\u00e8ses, si un projet&nbsp;nous est confi\u00e9, les donn\u00e9es seront conserv\u00e9es pendant toute la dur\u00e9e de vie du projet puis archiv\u00e9es pendant la dur\u00e9e l\u00e9gale de prescription avant destruction d\u00e9finitive.<\/span><\/p>\n<p><span style=\"color: var( --e-global-color-text ); text-align: var(--text-align); background-color: var( --e-global-color-df3ae04 ); font-size: 1rem;\">Our contact form, in order to respond to you. The data is retained for 1 year following our last interaction.<\/span><\/p>\n<p>Our visit analysis tools, in order to learn more about our users' navigation and improve our services. The data is retained for 1 year.<\/p>\n<p>Your personal data may be subject to automated processing and may be securely communicated to our subcontractors, particularly in the context of hosting, IT management, accounting, email communication, statistical analysis, or marketing activities.<\/p>\n<p>Subject to your prior consent, your personal data may be shared with our commercial partners. They may also be transferred outside of the European Union, particularly in the context of data usage on social media platforms, although we are committed to storing your personal data on secure servers located in France.<\/p>\n<p>In accordance with data protection regulations, you have the right to access, rectify, delete, and object to the processing of your data for legitimate reasons, as well as the right to erasure (right to be forgotten) and data portability. You also have the option to inform us of the fate you wish to reserve for your data post-mortem. In the case of a request for deletion of your data, we may be required to retain it in our archives for the period necessary to meet our legal, accounting, and fiscal obligations. You can exercise your rights by contacting the data controller. You also have the right to file a complaint with the CNIL (Commission Nationale de l'Informatique et des Libert\u00e9s) if you believe that your personal data protection has not been ensured by the data controller. For more information on how to exercise your rights, you can visit the CNIL website.<\/p>\n<h3><b>Cookies<\/b><\/h3>\n<div><b>&nbsp;<\/b><\/div>\n<p><b>Definition<\/b><\/p>\n<p>Cookies are data stored on a user's terminal device and used by the website to send information to the user's browser, allowing the browser to send information back to the originating website (such as a session ID, language preference, or date). Cookies help retain state information during the validity period of the specific cookie when a browser accesses different pages of a website or when the browser returns to the website later.<\/p>\n<p>During your visits to the website, cookies may be installed on your terminal device. These cookies can be issued by us to facilitate your navigation on our site, or by our partners to personalize the advertising offered to you outside the site, for example. Only the issuer of a cookie can read or modify the information it contains. To learn more about cookies and their impact, you can visit the CNIL website.<\/p>\n<p><b>Acceptance and refusal of cookies<\/b><\/p>\n<p>Cookies can be managed in different ways: you can allow them, refuse them, or deactivate them once they have been placed. Please note that any changes to your cookie settings may affect your browsing experience and access to certain services, which may become unavailable. If you do not wish to modify your cookie settings, simply continue browsing the site.<\/p>\n<p>When you first visit the site, we ask for your consent to install cookies. You have the option to accept all cookies, reject them systematically, or choose which ones to accept based on the issuer. You can change your decision by clicking on the \"Cookie Management\" link at the bottom of the page. You can also express your preferences and modify your choices through your browser. The configuration for each browser is different and is described in your browser's help menu, which will guide you on how to modify your cookie preferences.<\/p>\n<p><b>Cookies used on the website<\/b><\/p>\n<p>The cookies we install when you connect to our website, subject to your choices based on your browser settings, serve several purposes :<\/p>\n<p>\u2022 Analytical cookies are used to generate traffic statistics to monitor and improve the quality of our services ;<\/p>\n<p>\u2022 Strictly necessary cookies are designed to adapt the presentation of our website to your device\u2019s display preferences, retain your shopping cart, etc.<\/p>\n<p>\u2022 Functional cookies are not essential for browsing our website but help optimize its performance and provide access to specific features (such as video playback).<\/p>\n<p>The retention period for our cookies is a maximum of 13 months.<\/p>\n<p>The issuance and use of cookies by third parties are subject to their privacy policies. We have neither access to nor control over third-party cookies. However, we ensure that companies processing the information collected on our website comply with applicable regulations.<\/p>\n<h3><span style=\"font-weight: 600;\" data-token-index=\"0\">EcoVadis<br><\/span><\/h3>\n<p>EcoVadis medal awarded at the SE Activities group level.<\/p>\t\t\t\t\t\t\t\t<\/div>\n\t\t\t\t<\/div>\n\t\t\t\t\t<\/div>\n\t\t\t\t<\/div>\n\t\t\t\t\t<\/div>\n\t\t\t\t<\/div>\n\t\t\t\t<\/div>\n\t\t\t\t<\/div>","protected":false},"excerpt":{"rendered":"<p>Mentions l\u00e9gales Le&nbsp;pr\u00e9sent site est \u00e9dit\u00e9 par DRYLAST SAS au capital de 50 000,00 \u20ac &#8211; SIRET 921 522 728 00010 R.C.S. Lyon &#8211; TVA FR 05 921 522 728 &#8211; dont le si\u00e8ge social est situ\u00e9 13 rue des Emeraudes, 69006 Lyon, France. La soci\u00e9t\u00e9 est responsable des traitements effectu\u00e9s sur les donn\u00e9es personnelles [&hellip;]<\/p>\n","protected":false},"author":1,"featured_media":0,"parent":0,"menu_order":0,"comment_status":"closed","ping_status":"closed","template":"","meta":{"footnotes":""},"class_list":["post-1753","page","type-page","status-publish","hentry"],"yoast_head":"<!-- This site is optimized with the Yoast SEO plugin v27.5 - https:\/\/yoast.com\/product\/yoast-seo-wordpress\/ -->\n<title>Mentions l\u00e9gales &#8211; Drylast<\/title>\n<meta name=\"description\" content=\"Les mentions l\u00e9gales du site Drylast.\" \/>\n<meta name=\"robots\" content=\"index, follow, max-snippet:-1, max-image-preview:large, max-video-preview:-1\" \/>\n<link rel=\"canonical\" href=\"https:\/\/drylast.com\/en\/mentions-legales\/\" \/>\n<meta property=\"og:locale\" content=\"en_US\" \/>\n<meta property=\"og:type\" content=\"article\" \/>\n<meta property=\"og:title\" content=\"Mentions l\u00e9gales &#8211; Drylast\" \/>\n<meta property=\"og:description\" content=\"Les mentions l\u00e9gales du site Drylast.\" \/>\n<meta property=\"og:url\" content=\"https:\/\/drylast.com\/en\/mentions-legales\/\" \/>\n<meta property=\"og:site_name\" content=\"Drylast\" \/>\n<meta property=\"article:modified_time\" content=\"2025-05-21T12:58:22+00:00\" \/>\n<meta name=\"twitter:card\" content=\"summary_large_image\" \/>\n<meta name=\"twitter:label1\" content=\"Est. reading time\" \/>\n\t<meta name=\"twitter:data1\" content=\"9 minutes\" \/>\n<script type=\"application\/ld+json\" class=\"yoast-schema-graph\">{\"@context\":\"https:\\\/\\\/schema.org\",\"@graph\":[{\"@type\":\"WebPage\",\"@id\":\"https:\\\/\\\/drylast.com\\\/mentions-legales\\\/\",\"url\":\"https:\\\/\\\/drylast.com\\\/mentions-legales\\\/\",\"name\":\"Mentions l\u00e9gales &#8211; Drylast\",\"isPartOf\":{\"@id\":\"https:\\\/\\\/drylast.com\\\/#website\"},\"datePublished\":\"2023-06-26T12:27:10+00:00\",\"dateModified\":\"2025-05-21T12:58:22+00:00\",\"description\":\"Les mentions l\u00e9gales du site Drylast.\",\"breadcrumb\":{\"@id\":\"https:\\\/\\\/drylast.com\\\/mentions-legales\\\/#breadcrumb\"},\"inLanguage\":\"en-US\",\"potentialAction\":[{\"@type\":\"ReadAction\",\"target\":[\"https:\\\/\\\/drylast.com\\\/mentions-legales\\\/\"]}]},{\"@type\":\"BreadcrumbList\",\"@id\":\"https:\\\/\\\/drylast.com\\\/mentions-legales\\\/#breadcrumb\",\"itemListElement\":[{\"@type\":\"ListItem\",\"position\":1,\"name\":\"Accueil\",\"item\":\"https:\\\/\\\/drylast.com\\\/\"},{\"@type\":\"ListItem\",\"position\":2,\"name\":\"Mentions l\u00e9gales\"}]},{\"@type\":\"WebSite\",\"@id\":\"https:\\\/\\\/drylast.com\\\/#website\",\"url\":\"https:\\\/\\\/drylast.com\\\/\",\"name\":\"Drylast\",\"description\":\"Technologies de Cool Roofing &amp; d&#039;\u00e9tanch\u00e9it\u00e9\",\"publisher\":{\"@id\":\"https:\\\/\\\/drylast.com\\\/#organization\"},\"potentialAction\":[{\"@type\":\"SearchAction\",\"target\":{\"@type\":\"EntryPoint\",\"urlTemplate\":\"https:\\\/\\\/drylast.com\\\/?s={search_term_string}\"},\"query-input\":{\"@type\":\"PropertyValueSpecification\",\"valueRequired\":true,\"valueName\":\"search_term_string\"}}],\"inLanguage\":\"en-US\"},{\"@type\":\"Organization\",\"@id\":\"https:\\\/\\\/drylast.com\\\/#organization\",\"name\":\"Drylast\",\"url\":\"https:\\\/\\\/drylast.com\\\/\",\"logo\":{\"@type\":\"ImageObject\",\"inLanguage\":\"en-US\",\"@id\":\"https:\\\/\\\/drylast.com\\\/#\\\/schema\\\/logo\\\/image\\\/\",\"url\":\"https:\\\/\\\/drylast.com\\\/wp-content\\\/uploads\\\/2023\\\/03\\\/Logo-drylast-fond-jaune-light.jpg\",\"contentUrl\":\"https:\\\/\\\/drylast.com\\\/wp-content\\\/uploads\\\/2023\\\/03\\\/Logo-drylast-fond-jaune-light.jpg\",\"width\":1500,\"height\":500,\"caption\":\"Drylast\"},\"image\":{\"@id\":\"https:\\\/\\\/drylast.com\\\/#\\\/schema\\\/logo\\\/image\\\/\"},\"sameAs\":[\"https:\\\/\\\/www.linkedin.com\\\/company\\\/drylast\\\/\"]}]}<\/script>\n<!-- \/ Yoast SEO plugin. -->","yoast_head_json":{"title":"Mentions l\u00e9gales &#8211; Drylast","description":"Les mentions l\u00e9gales du site Drylast.","robots":{"index":"index","follow":"follow","max-snippet":"max-snippet:-1","max-image-preview":"max-image-preview:large","max-video-preview":"max-video-preview:-1"},"canonical":"https:\/\/drylast.com\/en\/mentions-legales\/","og_locale":"en_US","og_type":"article","og_title":"Mentions l\u00e9gales &#8211; Drylast","og_description":"Les mentions l\u00e9gales du site Drylast.","og_url":"https:\/\/drylast.com\/en\/mentions-legales\/","og_site_name":"Drylast","article_modified_time":"2025-05-21T12:58:22+00:00","twitter_card":"summary_large_image","twitter_misc":{"Est. reading time":"9 minutes"},"schema":{"@context":"https:\/\/schema.org","@graph":[{"@type":"WebPage","@id":"https:\/\/drylast.com\/mentions-legales\/","url":"https:\/\/drylast.com\/mentions-legales\/","name":"Mentions l\u00e9gales &#8211; Drylast","isPartOf":{"@id":"https:\/\/drylast.com\/#website"},"datePublished":"2023-06-26T12:27:10+00:00","dateModified":"2025-05-21T12:58:22+00:00","description":"Les mentions l\u00e9gales du site Drylast.","breadcrumb":{"@id":"https:\/\/drylast.com\/mentions-legales\/#breadcrumb"},"inLanguage":"en-US","potentialAction":[{"@type":"ReadAction","target":["https:\/\/drylast.com\/mentions-legales\/"]}]},{"@type":"BreadcrumbList","@id":"https:\/\/drylast.com\/mentions-legales\/#breadcrumb","itemListElement":[{"@type":"ListItem","position":1,"name":"Accueil","item":"https:\/\/drylast.com\/"},{"@type":"ListItem","position":2,"name":"Mentions l\u00e9gales"}]},{"@type":"WebSite","@id":"https:\/\/drylast.com\/#website","url":"https:\/\/drylast.com\/","name":"Drylast","description":"Technologies de Cool Roofing &amp; d&#039;\u00e9tanch\u00e9it\u00e9","publisher":{"@id":"https:\/\/drylast.com\/#organization"},"potentialAction":[{"@type":"SearchAction","target":{"@type":"EntryPoint","urlTemplate":"https:\/\/drylast.com\/?s={search_term_string}"},"query-input":{"@type":"PropertyValueSpecification","valueRequired":true,"valueName":"search_term_string"}}],"inLanguage":"en-US"},{"@type":"Organization","@id":"https:\/\/drylast.com\/#organization","name":"Drylast","url":"https:\/\/drylast.com\/","logo":{"@type":"ImageObject","inLanguage":"en-US","@id":"https:\/\/drylast.com\/#\/schema\/logo\/image\/","url":"https:\/\/drylast.com\/wp-content\/uploads\/2023\/03\/Logo-drylast-fond-jaune-light.jpg","contentUrl":"https:\/\/drylast.com\/wp-content\/uploads\/2023\/03\/Logo-drylast-fond-jaune-light.jpg","width":1500,"height":500,"caption":"Drylast"},"image":{"@id":"https:\/\/drylast.com\/#\/schema\/logo\/image\/"},"sameAs":["https:\/\/www.linkedin.com\/company\/drylast\/"]}]}},"_links":{"self":[{"href":"https:\/\/drylast.com\/en\/wp-json\/wp\/v2\/pages\/1753","targetHints":{"allow":["GET"]}}],"collection":[{"href":"https:\/\/drylast.com\/en\/wp-json\/wp\/v2\/pages"}],"about":[{"href":"https:\/\/drylast.com\/en\/wp-json\/wp\/v2\/types\/page"}],"author":[{"embeddable":true,"href":"https:\/\/drylast.com\/en\/wp-json\/wp\/v2\/users\/1"}],"replies":[{"embeddable":true,"href":"https:\/\/drylast.com\/en\/wp-json\/wp\/v2\/comments?post=1753"}],"version-history":[{"count":52,"href":"https:\/\/drylast.com\/en\/wp-json\/wp\/v2\/pages\/1753\/revisions"}],"predecessor-version":[{"id":9549,"href":"https:\/\/drylast.com\/en\/wp-json\/wp\/v2\/pages\/1753\/revisions\/9549"}],"wp:attachment":[{"href":"https:\/\/drylast.com\/en\/wp-json\/wp\/v2\/media?parent=1753"}],"curies":[{"name":"wp","href":"https:\/\/api.w.org\/{rel}","templated":true}]}}