{"id":3949,"date":"2024-06-12T11:20:41","date_gmt":"2024-06-12T09:20:41","guid":{"rendered":"https:\/\/drylast.com\/?page_id=3949"},"modified":"2024-06-12T14:10:18","modified_gmt":"2024-06-12T12:10:18","slug":"politique-de-confidentialite","status":"publish","type":"page","link":"https:\/\/drylast.com\/en\/politique-de-confidentialite\/","title":{"rendered":"Privacy Policy"},"content":{"rendered":"<div data-elementor-type=\"wp-page\" data-elementor-id=\"3949\" class=\"elementor elementor-3949\" data-elementor-settings=\"{&quot;ha_cmc_init_switcher&quot;:&quot;no&quot;}\" data-elementor-post-type=\"page\">\n\t\t\t\t<div class=\"elementor-element elementor-element-bfa51d4 e-con-full e-flex e-con e-parent\" data-id=\"bfa51d4\" data-element_type=\"container\" data-e-type=\"container\" data-settings=\"{&quot;background_background&quot;:&quot;classic&quot;,&quot;_ha_eqh_enable&quot;:false}\">\n\t\t<div class=\"elementor-element elementor-element-2fc81bac e-flex e-con-boxed e-con e-child\" data-id=\"2fc81bac\" data-element_type=\"container\" data-e-type=\"container\" data-settings=\"{&quot;_ha_eqh_enable&quot;:false}\">\n\t\t\t\t\t<div class=\"e-con-inner\">\n\t\t<div class=\"elementor-element elementor-element-1ba9a5dd e-flex e-con-boxed e-con e-child\" data-id=\"1ba9a5dd\" data-element_type=\"container\" data-e-type=\"container\" data-settings=\"{&quot;_ha_eqh_enable&quot;:false}\">\n\t\t\t\t\t<div class=\"e-con-inner\">\n\t\t\t\t<div class=\"elementor-element elementor-element-7880a949 elementor-widget__width-initial elementor-widget-mobile__width-inherit elementor-widget elementor-widget-heading\" data-id=\"7880a949\" data-element_type=\"widget\" data-e-type=\"widget\" data-widget_type=\"heading.default\">\n\t\t\t\t<div class=\"elementor-widget-container\">\n\t\t\t\t\t<h1 class=\"elementor-heading-title elementor-size-default\">Privacy Policy<\/h1>\t\t\t\t<\/div>\n\t\t\t\t<\/div>\n\t\t\t\t<div class=\"elementor-element elementor-element-487e3498 elementor-widget__width-initial elementor-widget-tablet__width-initial elementor-widget-mobile__width-inherit elementor-widget elementor-widget-text-editor\" data-id=\"487e3498\" data-element_type=\"widget\" data-e-type=\"widget\" data-widget_type=\"text-editor.default\">\n\t\t\t\t<div class=\"elementor-widget-container\">\n\t\t\t\t\t\t\t\t\t<p>\nThe General Data Protection Regulation, EU 2016\/679, known as the \"GDPR,\" which came into effect on May 25, 2018, and Law No. 78-17 of January 6, 1978, known as the \"Data Protection Act,\" amended on August 2, 2021, require companies to rethink their approach to data protection and how they collect, use, and store personal data. Therefore, Drylast is committed daily to protecting the personal data of all third parties visiting its website.<\/p><p><br><\/p>\n<h3 style=\"font-family: 'Din pro orginal', sans-serif; color: #333334;\"><span style=\"font-weight: bold; color: var( --e-global-color-text ); text-align: var(--text-align); background-color: var( --e-global-color-df3ae04 );\">Information we collect&nbsp;<\/span><\/h3>\n<h3 style=\"font-family: 'Din pro orginal', sans-serif; color: #333334;\"><span style=\"font-weight: bold; color: var( --e-global-color-text ); text-align: var(--text-align); background-color: var( --e-global-color-df3ae04 ); font-size: 1rem;\">Personal information provided by you<\/span><\/h3>\n<p class=\"translation-block\">We collect the personal information you provide to us directly : Last name  \u2013 First name  \u2013 Email address  \u2013 Company  \u2013 Phone number<\/p>\n<p>Our quote request form allows us to respond to you, schedule appointments, and\/or create a quote: the data is retained for 3 years after our last exchange. In any case, if a project is entrusted to us, the data will be kept for the entire duration of the project and then archived for the statutory limitation period before permanent deletion.<\/p>\n<p><!-- notionvc: 0c67abd6-19b9-423e-adbf-f7253945a59f --><\/p>\n<p>Our contact form, to allow us to respond to you: the data is retained for 1 year after our last exchange.<\/p>\n<p>Nos outils d&rsquo;analyse des visites, afin de mieux conna\u00eetre la navigation de nos utilisateurs et d&rsquo;am\u00e9liorer nos services : les donn\u00e9es sont conserv\u00e9es 1 an.<\/p>\n<p><span style=\"font-weight: bold; color: var( --e-global-color-text ); text-align: var(--text-align); background-color: var( --e-global-color-df3ae04 ); font-size: 1rem;\">Autres informations que nous collectons<\/span><\/p>\n<p class=\"translation-block\">When you visit our website, we may automatically collect certain information through cookies and other tracking technologies, including : IP address \u2013 Browser type \u2013 Pages visited \u2013 Time and duration of the visit \u2013 Referring websites<\/p>\n<p><span style=\"font-weight: bold;\">Sale of personal data<\/span><\/p>\n<p>Drylast does not sell personal data.<\/p>\n<p><span style=\"font-weight: bold;\">Recipients<\/span><\/p>\n<p class=\"translation-block\">Subject to your prior consent, your personal data may be shared with trusted third parties and\/or partners only for the following purposes : Payment processing (with payment service providers) \u2013 Product delivery (with delivery companies) \u2013 Marketing and analysis (with analytics and advertising services) \u2013 Legal compliance (if required by law)<\/p>\n<p><span style=\"color: var( --e-global-color-text ); text-align: var(--text-align); background-color: var( --e-global-color-df3ae04 ); font-size: 1rem;\">Some features of our website may be provided by third-party services that may collect information about you according to their own privacy policies. For example, social media buttons may collect browsing information.<\/span><\/p>\n<p>They may be transferred outside the European Union, particularly for data processing related to social media, even though we are committed to storing your personal data on secure servers located in France.<\/p><p><br><\/p>\n<h3><b style=\"color: inherit; font-family: inherit; font-size: 1.75rem; text-align: var(--text-align); background-color: var( --e-global-color-df3ae04 );\">Protection of your information<\/b><\/h3>\n<p class=\"translation-block\">We implement appropriate security measures to protect your personal information against unauthorized access, alteration, disclosure, or destruction. These measures include : Data encryption \u2013 Restricted access to your personal information \u2013 Training our staff on data protection<\/p><p><span style=\"background-color: transparent; color: var( --e-global-color-text ); text-align: var(--text-align);\"><br><\/span><\/p>\n<h3 style=\"font-family: 'Din pro orginal', sans-serif; color: #333334;\"><span style=\"font-weight: bold; color: inherit; font-family: inherit; font-size: 1.75rem; text-align: var(--text-align); background-color: var( --e-global-color-df3ae04 );\">Your rights<\/span><\/h3>\n<p>In accordance with data protection regulations, you have several rights regarding your personal information. You have the right to access your personal information and request its correction or update if it is inaccurate or incomplete. You can also request the deletion of your personal information. However, we may be required to retain certain information in our records for the necessary duration to fulfill our legal, accounting, and tax obligations.<\/p>\n<p>You also have the right to object to the use of your personal information for direct marketing purposes. To exercise this right, you can contact us at the address provided below or use the unsubscribe link in our emails. Additionally, you have the right to be forgotten and the right to data portability, as well as the option to inform us of the fate you wish for your data posthumously.<\/p>\n<p><span style=\"color: var( --e-global-color-text ); text-align: var(--text-align); background-color: var( --e-global-color-df3ae04 ); font-size: 1rem;\">If you believe that your personal data is not being properly protected by the data controller, you can file a complaint with the CNIL (French Data Protection Authority). For more information on how to exercise your rights, you can visit the CNIL website. You can exercise your rights by contacting the data controller<\/span><span style=\"color: var( --e-global-color-text ); text-align: var(--text-align); font-size: 1rem; background-color: var( --e-global-color-df3ae04 );\">.&nbsp;<\/span><\/p><p><span style=\"color: var( --e-global-color-text ); text-align: var(--text-align); font-size: 1rem; background-color: var( --e-global-color-df3ae04 );\"><br><\/span><\/p>\n<h3 style=\"font-family: 'Din pro orginal', sans-serif; color: #333334;\"><b>Contact us<\/b><\/h3>\n<p><span style=\"color: var( --e-global-color-text ); text-align: var(--text-align); background-color: var( --e-global-color-df3ae04 ); font-size: 1rem;\">If you have any questions regarding this privacy policy, please contact us at :<\/span><\/p>\n<div>Drylast SAS &#8211; 13 rue des \u00c9meraudes<br>\n69006, Lyon &#8211; France<br>\n<span style=\"color: var( --e-global-color-text ); text-align: var(--text-align); background-color: var( --e-global-color-df3ae04 ); font-size: 1rem;\"><br>\n<\/span><a href=\"mailto:info@drylast.com\"><span style=\"color: var( --e-global-color-text ); text-align: var(--text-align); background-color: var( --e-global-color-df3ae04 ); font-size: 1rem;\">info@drylast.com<\/span><\/a><\/div>\n<div><\/div>\n<div>04 72 37 50 01<\/div>\n<div><\/div>\n<div><\/div>\n<div>By using Drylast.com, you agree to the terms of this privacy policy. Thank you for placing your trust in our services.<\/div>\t\t\t\t\t\t\t\t<\/div>\n\t\t\t\t<\/div>\n\t\t\t\t\t<\/div>\n\t\t\t\t<\/div>\n\t\t\t\t\t<\/div>\n\t\t\t\t<\/div>\n\t\t\t\t<\/div>\n\t\t\t\t<\/div>","protected":false},"excerpt":{"rendered":"<p>Politique de confidentialit\u00e9 Le R\u00e8glement G\u00e9n\u00e9ral sur la Protection des Donn\u00e9es, UE 2016\/679 dit \u00ab RGPD \u00bb entr\u00e9 en vigueur le 25 mai 2018 et la Loi n\u00b0 78-17 du 6 janvier 1978 dite \u00ab loi informatique et libert\u00e9s \u00bb, modifi\u00e9e le 2 ao\u00fbt 2021, exigent de la part des entreprise de revoir leur approche [&hellip;]<\/p>\n","protected":false},"author":3,"featured_media":0,"parent":0,"menu_order":0,"comment_status":"closed","ping_status":"closed","template":"","meta":{"footnotes":""},"class_list":["post-3949","page","type-page","status-publish","hentry"],"yoast_head":"<!-- This site is optimized with the Yoast SEO plugin v27.4 - https:\/\/yoast.com\/product\/yoast-seo-wordpress\/ -->\n<title>Politique de confidentialit\u00e9 &#8211; Drylast<\/title>\n<meta name=\"description\" content=\"Les mentions l\u00e9gales du site Drylast.\" \/>\n<meta name=\"robots\" content=\"index, follow, max-snippet:-1, max-image-preview:large, max-video-preview:-1\" \/>\n<link rel=\"canonical\" href=\"https:\/\/drylast.com\/en\/politique-de-confidentialite\/\" \/>\n<meta property=\"og:locale\" content=\"en_US\" \/>\n<meta property=\"og:type\" content=\"article\" \/>\n<meta property=\"og:title\" content=\"Politique de confidentialit\u00e9 &#8211; Drylast\" \/>\n<meta property=\"og:description\" content=\"Les mentions l\u00e9gales du site Drylast.\" \/>\n<meta property=\"og:url\" content=\"https:\/\/drylast.com\/en\/politique-de-confidentialite\/\" \/>\n<meta property=\"og:site_name\" content=\"Drylast\" \/>\n<meta property=\"article:modified_time\" content=\"2024-06-12T12:10:18+00:00\" \/>\n<meta name=\"twitter:card\" content=\"summary_large_image\" \/>\n<meta name=\"twitter:label1\" content=\"Est. reading time\" \/>\n\t<meta name=\"twitter:data1\" content=\"4 minutes\" \/>\n<script type=\"application\/ld+json\" class=\"yoast-schema-graph\">{\"@context\":\"https:\\\/\\\/schema.org\",\"@graph\":[{\"@type\":\"WebPage\",\"@id\":\"https:\\\/\\\/drylast.com\\\/politique-de-confidentialite\\\/\",\"url\":\"https:\\\/\\\/drylast.com\\\/politique-de-confidentialite\\\/\",\"name\":\"Politique de confidentialit\u00e9 &#8211; Drylast\",\"isPartOf\":{\"@id\":\"https:\\\/\\\/drylast.com\\\/#website\"},\"datePublished\":\"2024-06-12T09:20:41+00:00\",\"dateModified\":\"2024-06-12T12:10:18+00:00\",\"description\":\"Les mentions l\u00e9gales du site Drylast.\",\"breadcrumb\":{\"@id\":\"https:\\\/\\\/drylast.com\\\/politique-de-confidentialite\\\/#breadcrumb\"},\"inLanguage\":\"en-US\",\"potentialAction\":[{\"@type\":\"ReadAction\",\"target\":[\"https:\\\/\\\/drylast.com\\\/politique-de-confidentialite\\\/\"]}]},{\"@type\":\"BreadcrumbList\",\"@id\":\"https:\\\/\\\/drylast.com\\\/politique-de-confidentialite\\\/#breadcrumb\",\"itemListElement\":[{\"@type\":\"ListItem\",\"position\":1,\"name\":\"Accueil\",\"item\":\"https:\\\/\\\/drylast.com\\\/\"},{\"@type\":\"ListItem\",\"position\":2,\"name\":\"Politique de confidentialit\u00e9\"}]},{\"@type\":\"WebSite\",\"@id\":\"https:\\\/\\\/drylast.com\\\/#website\",\"url\":\"https:\\\/\\\/drylast.com\\\/\",\"name\":\"Drylast\",\"description\":\"Technologies de Cool Roofing &amp; d&#039;\u00e9tanch\u00e9it\u00e9\",\"publisher\":{\"@id\":\"https:\\\/\\\/drylast.com\\\/#organization\"},\"potentialAction\":[{\"@type\":\"SearchAction\",\"target\":{\"@type\":\"EntryPoint\",\"urlTemplate\":\"https:\\\/\\\/drylast.com\\\/?s={search_term_string}\"},\"query-input\":{\"@type\":\"PropertyValueSpecification\",\"valueRequired\":true,\"valueName\":\"search_term_string\"}}],\"inLanguage\":\"en-US\"},{\"@type\":\"Organization\",\"@id\":\"https:\\\/\\\/drylast.com\\\/#organization\",\"name\":\"Drylast\",\"url\":\"https:\\\/\\\/drylast.com\\\/\",\"logo\":{\"@type\":\"ImageObject\",\"inLanguage\":\"en-US\",\"@id\":\"https:\\\/\\\/drylast.com\\\/#\\\/schema\\\/logo\\\/image\\\/\",\"url\":\"https:\\\/\\\/drylast.com\\\/wp-content\\\/uploads\\\/2023\\\/03\\\/Logo-drylast-fond-jaune-light.jpg\",\"contentUrl\":\"https:\\\/\\\/drylast.com\\\/wp-content\\\/uploads\\\/2023\\\/03\\\/Logo-drylast-fond-jaune-light.jpg\",\"width\":1500,\"height\":500,\"caption\":\"Drylast\"},\"image\":{\"@id\":\"https:\\\/\\\/drylast.com\\\/#\\\/schema\\\/logo\\\/image\\\/\"},\"sameAs\":[\"https:\\\/\\\/www.linkedin.com\\\/company\\\/drylast\\\/\"]}]}<\/script>\n<!-- \/ Yoast SEO plugin. -->","yoast_head_json":{"title":"Politique de confidentialit\u00e9 &#8211; Drylast","description":"Les mentions l\u00e9gales du site Drylast.","robots":{"index":"index","follow":"follow","max-snippet":"max-snippet:-1","max-image-preview":"max-image-preview:large","max-video-preview":"max-video-preview:-1"},"canonical":"https:\/\/drylast.com\/en\/politique-de-confidentialite\/","og_locale":"en_US","og_type":"article","og_title":"Politique de confidentialit\u00e9 &#8211; Drylast","og_description":"Les mentions l\u00e9gales du site Drylast.","og_url":"https:\/\/drylast.com\/en\/politique-de-confidentialite\/","og_site_name":"Drylast","article_modified_time":"2024-06-12T12:10:18+00:00","twitter_card":"summary_large_image","twitter_misc":{"Est. reading time":"4 minutes"},"schema":{"@context":"https:\/\/schema.org","@graph":[{"@type":"WebPage","@id":"https:\/\/drylast.com\/politique-de-confidentialite\/","url":"https:\/\/drylast.com\/politique-de-confidentialite\/","name":"Politique de confidentialit\u00e9 &#8211; Drylast","isPartOf":{"@id":"https:\/\/drylast.com\/#website"},"datePublished":"2024-06-12T09:20:41+00:00","dateModified":"2024-06-12T12:10:18+00:00","description":"Les mentions l\u00e9gales du site Drylast.","breadcrumb":{"@id":"https:\/\/drylast.com\/politique-de-confidentialite\/#breadcrumb"},"inLanguage":"en-US","potentialAction":[{"@type":"ReadAction","target":["https:\/\/drylast.com\/politique-de-confidentialite\/"]}]},{"@type":"BreadcrumbList","@id":"https:\/\/drylast.com\/politique-de-confidentialite\/#breadcrumb","itemListElement":[{"@type":"ListItem","position":1,"name":"Accueil","item":"https:\/\/drylast.com\/"},{"@type":"ListItem","position":2,"name":"Politique de confidentialit\u00e9"}]},{"@type":"WebSite","@id":"https:\/\/drylast.com\/#website","url":"https:\/\/drylast.com\/","name":"Drylast","description":"Technologies de Cool Roofing &amp; d&#039;\u00e9tanch\u00e9it\u00e9","publisher":{"@id":"https:\/\/drylast.com\/#organization"},"potentialAction":[{"@type":"SearchAction","target":{"@type":"EntryPoint","urlTemplate":"https:\/\/drylast.com\/?s={search_term_string}"},"query-input":{"@type":"PropertyValueSpecification","valueRequired":true,"valueName":"search_term_string"}}],"inLanguage":"en-US"},{"@type":"Organization","@id":"https:\/\/drylast.com\/#organization","name":"Drylast","url":"https:\/\/drylast.com\/","logo":{"@type":"ImageObject","inLanguage":"en-US","@id":"https:\/\/drylast.com\/#\/schema\/logo\/image\/","url":"https:\/\/drylast.com\/wp-content\/uploads\/2023\/03\/Logo-drylast-fond-jaune-light.jpg","contentUrl":"https:\/\/drylast.com\/wp-content\/uploads\/2023\/03\/Logo-drylast-fond-jaune-light.jpg","width":1500,"height":500,"caption":"Drylast"},"image":{"@id":"https:\/\/drylast.com\/#\/schema\/logo\/image\/"},"sameAs":["https:\/\/www.linkedin.com\/company\/drylast\/"]}]}},"_links":{"self":[{"href":"https:\/\/drylast.com\/en\/wp-json\/wp\/v2\/pages\/3949","targetHints":{"allow":["GET"]}}],"collection":[{"href":"https:\/\/drylast.com\/en\/wp-json\/wp\/v2\/pages"}],"about":[{"href":"https:\/\/drylast.com\/en\/wp-json\/wp\/v2\/types\/page"}],"author":[{"embeddable":true,"href":"https:\/\/drylast.com\/en\/wp-json\/wp\/v2\/users\/3"}],"replies":[{"embeddable":true,"href":"https:\/\/drylast.com\/en\/wp-json\/wp\/v2\/comments?post=3949"}],"version-history":[{"count":53,"href":"https:\/\/drylast.com\/en\/wp-json\/wp\/v2\/pages\/3949\/revisions"}],"predecessor-version":[{"id":4010,"href":"https:\/\/drylast.com\/en\/wp-json\/wp\/v2\/pages\/3949\/revisions\/4010"}],"wp:attachment":[{"href":"https:\/\/drylast.com\/en\/wp-json\/wp\/v2\/media?parent=3949"}],"curies":[{"name":"wp","href":"https:\/\/api.w.org\/{rel}","templated":true}]}}